{"id":455,"date":"2019-04-09T11:57:37","date_gmt":"2019-04-09T09:57:37","guid":{"rendered":"https:\/\/www.filter-sol.com\/conditions-generales-dutilisation-protection-des-donnees\/"},"modified":"2019-04-18T12:20:27","modified_gmt":"2019-04-18T10:20:27","slug":"general-terms-of-use","status":"publish","type":"page","link":"https:\/\/www.filter-sol.com\/en\/general-terms-of-use\/","title":{"rendered":"General Terms of Use"},"content":{"rendered":"<h5>Les donn\u00e9es personnelles pouvant \u00eatre collect\u00e9es sur le Site sont les suivantes :<\/h5>\n<p>Contact : Lors du remplissage du formulaire de contact, sont collect\u00e9s vos nom, pr\u00e9nom, soci\u00e9t\u00e9, num\u00e9ros de t\u00e9l\u00e9phone, adresse \u00e9lectronique et votre message.<\/p>\n<p>Cookies : Les Cookies sont utilis\u00e9s, dans le cadre de l\u2019utilisation du site, afin de collecter certaines informations (en particulier, votre adresse IP, des informations relatives \u00e0 l\u2019ordinateur utilis\u00e9 pour la navigation, le mode de connexion, le type et la version du navigateur internet, le syst\u00e8me d\u2019exploitation et d\u2019autres identifiants techniques ou encore l\u2019adresse URL des connexions, y compris la date et l\u2019heure, ainsi que le contenu acc\u00e9d\u00e9). Vous avez la possibilit\u00e9 de d\u00e9sactiver les Cookies \u00e0 partir des param\u00e8tres de votre navigateur .<\/p>\n<h5>Les utilisations de vos donn\u00e9es personnelles sont principalement les suivantes :<\/h5>\n<p>\u2022 Acc\u00e8s et utilisation du site ;<br \/>\n\u2022 V\u00e9rification et authentification de vos donn\u00e9es ;<br \/>\n\u2022 Optimisation de l\u2019agencement et du fonctionnement du site ;<br \/>\n\u2022 Lutte contre les fraudes, utilisations abusives, virus et autres logiciels malveillants ;<br \/>\n\u2022 Gestion de la relation avec vous ;<\/p>\n<p>En cochant la case &#8220;Je souhaite \u00eatre inform\u00e9 par mail des actualit\u00e9s Filters &amp; Solutions&#8221;, vous acceptez de recevoir par mail des informations sur les produits et services propos\u00e9s par Filters &amp; Solutions. Votre adresse mail ne sera transmises \u00e0 aucune autre soci\u00e9t\u00e9, nous ne vous enverrons aucun message concernant des produits et services autres que ceux propos\u00e9s par Filters &amp; Solutions.<\/p>\n<h5>Conform\u00e9ment aux dispositions l\u00e9gales et r\u00e9glementaires applicables, vous disposez des droits suivants :<\/h5>\n<p>\u2022 Exercer votre droit d\u2019acc\u00e8s, pour conna\u00eetre les donn\u00e9es personnelles qui vous concernent ;<br \/>\n\u2022 Demander la mise \u00e0 jour de vos donn\u00e9es, si celles-ci sont inexactes ;<br \/>\n\u2022 Demander la portabilit\u00e9 ou la suppression de vos donn\u00e9es ;<br \/>\n\u2022 Demander la limitation du traitement de vos donn\u00e9es ;<br \/>\n\u2022 Vous opposer, pour des motifs l\u00e9gitimes, au traitement de vos donn\u00e9es ;<br \/>\n\u2022 Vous opposer ou retirer votre consentement \u00e0 l\u2019utilisation, par nos services, de vos coordonn\u00e9es pour l\u2019envoi de nos promotions et sollicitations via courriers \u00e9lectroniques, messages SMS, appels t\u00e9l\u00e9phoniques et courriers postaux.<\/p>\n<p>Ces diff\u00e9rents droits sont \u00e0 exercer \u00e0 partir du formulaire de contact du site ou \u00e0 l\u2019adresse suivante : Filters &amp; Solutions, 48 all\u00e9e saint Ferriol, 38410 Saint Martin d&#8217;Uriage . Pour des raisons de s\u00e9curit\u00e9 et pour \u00e9viter toute demande frauduleuse, cette demande devra \u00eatre accompagn\u00e9e d\u2019un justificatif d\u2019identit\u00e9. Le justificatif sera d\u00e9truit une fois la demande trait\u00e9e.<\/p>\n<h5>Lors de la consultation du Site, des Cookies sont d\u00e9pos\u00e9s sur votre ordinateur, votre mobile ou votre tablette<\/h5>\n<p>Un Cookie est une information d\u00e9pos\u00e9e sur votre appareil de navigation par le serveur du Site visit\u00e9. Certaines parties du Site peuvent ainsi ne pas \u00eatre fonctionnelles sans l\u2019acceptation de cookies par l\u2019utilisateur.<\/p>\n<p>Les informations collect\u00e9es par ce biais ne seront utilis\u00e9es que pour suivre le volume, le type et la configuration du trafic utilisant ce site, pour en d\u00e9velopper la conception et l\u2019agencement et \u00e0 d\u2019autres fins administratives et de planification et plus g\u00e9n\u00e9ralement pour am\u00e9liorer le service que nous vous offrons.<\/p>\n<p>Ces informations ne seront pas, sauf accord de votre part, conserv\u00e9es plus de 13 mois.<\/p>\n<p>Vous avez la possibilit\u00e9 de d\u00e9sactiver les Cookies depuis les param\u00e8tres de votre navigateur.<\/p>\n<p>Plus d\u2019informations sur\u00a0<a href=\"https:\/\/www.cnil.fr\/fr\/site-web-cookies-et-autres-traceurs\" target=\"_blank\" rel=\"noopener noreferrer\">https:\/\/www.cnil.fr\/fr\/site-web-cookies-et-autres-traceurs<\/a>\u00a0et\u00a0<a href=\"https:\/\/www.cnil.fr\/fr\/cookies-les-outils-pour-les-maitriser\" target=\"_blank\" rel=\"noopener noreferrer\">https:\/\/www.cnil.fr\/fr\/cookies-les-outils-pour-les-maitriser<\/a>.<\/p>\n","protected":false},"excerpt":{"rendered":"<p>Les donn\u00e9es personnelles pouvant \u00eatre collect\u00e9es sur le Site sont les suivantes : Contact : Lors du remplissage du formulaire de contact, sont collect\u00e9s vos nom, pr\u00e9nom, soci\u00e9t\u00e9, num\u00e9ros de t\u00e9l\u00e9phone, adresse \u00e9lectronique et votre message. Cookies : Les Cookies sont utilis\u00e9s, dans le cadre de l\u2019utilisation du site, afin de collecter certaines informations (en [&hellip;]<\/p>\n","protected":false},"author":1,"featured_media":0,"parent":0,"menu_order":0,"comment_status":"closed","ping_status":"closed","template":"","meta":{"footnotes":""},"aioseo_notices":[],"_links":{"self":[{"href":"https:\/\/www.filter-sol.com\/en\/wp-json\/wp\/v2\/pages\/455"}],"collection":[{"href":"https:\/\/www.filter-sol.com\/en\/wp-json\/wp\/v2\/pages"}],"about":[{"href":"https:\/\/www.filter-sol.com\/en\/wp-json\/wp\/v2\/types\/page"}],"author":[{"embeddable":true,"href":"https:\/\/www.filter-sol.com\/en\/wp-json\/wp\/v2\/users\/1"}],"replies":[{"embeddable":true,"href":"https:\/\/www.filter-sol.com\/en\/wp-json\/wp\/v2\/comments?post=455"}],"version-history":[{"count":1,"href":"https:\/\/www.filter-sol.com\/en\/wp-json\/wp\/v2\/pages\/455\/revisions"}],"predecessor-version":[{"id":456,"href":"https:\/\/www.filter-sol.com\/en\/wp-json\/wp\/v2\/pages\/455\/revisions\/456"}],"wp:attachment":[{"href":"https:\/\/www.filter-sol.com\/en\/wp-json\/wp\/v2\/media?parent=455"}],"curies":[{"name":"wp","href":"https:\/\/api.w.org\/{rel}","templated":true}]}}